{"id":789,"date":"2017-08-27T18:11:36","date_gmt":"2017-08-27T16:11:36","guid":{"rendered":"https:\/\/noveautodiely.sk\/?page_id=789"},"modified":"2017-10-28T10:46:58","modified_gmt":"2017-10-28T08:46:58","slug":"pneumatiky-a-disky","status":"publish","type":"page","link":"https:\/\/noveautodiely.sk\/?page_id=789","title":{"rendered":"PNEUMATIKY A DISKY"},"content":{"rendered":"<p><img loading=\"lazy\" class=\" wp-image-807\" src=\"https:\/\/noveautodiely.sk\/wp-content\/uploads\/2017\/08\/95070_SK.jpeg\" alt=\"disky\" width=\"671\" height=\"262\" data-wp-pid=\"807\" srcset=\"https:\/\/noveautodiely.sk\/wp-content\/uploads\/2017\/08\/95070_SK.jpeg 1024w, https:\/\/noveautodiely.sk\/wp-content\/uploads\/2017\/08\/95070_SK-600x234.jpeg 600w, https:\/\/noveautodiely.sk\/wp-content\/uploads\/2017\/08\/95070_SK-300x117.jpeg 300w, https:\/\/noveautodiely.sk\/wp-content\/uploads\/2017\/08\/95070_SK-768x300.jpeg 768w, https:\/\/noveautodiely.sk\/wp-content\/uploads\/2017\/08\/95070_SK-800x313.jpeg 800w\" sizes=\"(max-width: 671px) 100vw, 671px\" \/><\/p>\n<p><a href=\"https:\/\/noveautodiely.sk\/wp-content\/uploads\/2017\/08\/Z\u00c1KLAN\u00dd-PREH\u013dAD-DISKOV.pdf\">Z\u00c1KLAN\u00dd PREH\u013dAD ALU DISKOV<\/a><\/p>\n<p><img loading=\"lazy\" class=\"aligncenter  wp-image-816\" src=\"https:\/\/noveautodiely.sk\/wp-content\/uploads\/2017\/08\/ocelove.png\" alt=\"\" width=\"600\" height=\"377\" data-wp-pid=\"816\" srcset=\"https:\/\/noveautodiely.sk\/wp-content\/uploads\/2017\/08\/ocelove.png 699w, https:\/\/noveautodiely.sk\/wp-content\/uploads\/2017\/08\/ocelove-600x377.png 600w, https:\/\/noveautodiely.sk\/wp-content\/uploads\/2017\/08\/ocelove-300x188.png 300w\" sizes=\"(max-width: 600px) 100vw, 600px\" \/><\/p>\n<p><img loading=\"lazy\" class=\"alignnone  wp-image-946\" src=\"https:\/\/noveautodiely.sk\/wp-content\/uploads\/2017\/08\/pneu_1.png\" alt=\"\" width=\"700\" height=\"609\" data-wp-pid=\"946\" srcset=\"https:\/\/noveautodiely.sk\/wp-content\/uploads\/2017\/08\/pneu_1.png 1085w, https:\/\/noveautodiely.sk\/wp-content\/uploads\/2017\/08\/pneu_1-600x522.png 600w, https:\/\/noveautodiely.sk\/wp-content\/uploads\/2017\/08\/pneu_1-300x261.png 300w, https:\/\/noveautodiely.sk\/wp-content\/uploads\/2017\/08\/pneu_1-768x668.png 768w, https:\/\/noveautodiely.sk\/wp-content\/uploads\/2017\/08\/pneu_1-1024x891.png 1024w, https:\/\/noveautodiely.sk\/wp-content\/uploads\/2017\/08\/pneu_1-800x696.png 800w\" sizes=\"(max-width: 700px) 100vw, 700px\" \/><br \/>\n<img loading=\"lazy\" class=\"alignnone  wp-image-948\" src=\"https:\/\/noveautodiely.sk\/wp-content\/uploads\/2017\/08\/Pneu_2-1.png\" alt=\"\" width=\"700\" height=\"546\" data-wp-pid=\"948\" srcset=\"https:\/\/noveautodiely.sk\/wp-content\/uploads\/2017\/08\/Pneu_2-1.png 1084w, https:\/\/noveautodiely.sk\/wp-content\/uploads\/2017\/08\/Pneu_2-1-600x468.png 600w, https:\/\/noveautodiely.sk\/wp-content\/uploads\/2017\/08\/Pneu_2-1-300x234.png 300w, https:\/\/noveautodiely.sk\/wp-content\/uploads\/2017\/08\/Pneu_2-1-768x599.png 768w, https:\/\/noveautodiely.sk\/wp-content\/uploads\/2017\/08\/Pneu_2-1-1024x799.png 1024w, https:\/\/noveautodiely.sk\/wp-content\/uploads\/2017\/08\/Pneu_2-1-800x624.png 800w\" sizes=\"(max-width: 700px) 100vw, 700px\" \/><\/p>\n<p>&nbsp;<\/p>\n","protected":false},"excerpt":{"rendered":"<p>Z\u00c1KLAN\u00dd PREH\u013dAD ALU DISKOV &nbsp;<\/p>\n","protected":false},"author":1,"featured_media":0,"parent":75,"menu_order":6,"comment_status":"closed","ping_status":"closed","template":"page-leftsb.php","meta":{"ngg_post_thumbnail":0},"_links":{"self":[{"href":"https:\/\/noveautodiely.sk\/index.php?rest_route=\/wp\/v2\/pages\/789"}],"collection":[{"href":"https:\/\/noveautodiely.sk\/index.php?rest_route=\/wp\/v2\/pages"}],"about":[{"href":"https:\/\/noveautodiely.sk\/index.php?rest_route=\/wp\/v2\/types\/page"}],"author":[{"embeddable":true,"href":"https:\/\/noveautodiely.sk\/index.php?rest_route=\/wp\/v2\/users\/1"}],"replies":[{"embeddable":true,"href":"https:\/\/noveautodiely.sk\/index.php?rest_route=%2Fwp%2Fv2%2Fcomments&post=789"}],"version-history":[{"count":7,"href":"https:\/\/noveautodiely.sk\/index.php?rest_route=\/wp\/v2\/pages\/789\/revisions"}],"predecessor-version":[{"id":950,"href":"https:\/\/noveautodiely.sk\/index.php?rest_route=\/wp\/v2\/pages\/789\/revisions\/950"}],"up":[{"embeddable":true,"href":"https:\/\/noveautodiely.sk\/index.php?rest_route=\/wp\/v2\/pages\/75"}],"wp:attachment":[{"href":"https:\/\/noveautodiely.sk\/index.php?rest_route=%2Fwp%2Fv2%2Fmedia&parent=789"}],"curies":[{"name":"wp","href":"https:\/\/api.w.org\/{rel}","templated":true}]}}