{"id":790,"date":"2017-08-27T18:51:14","date_gmt":"2017-08-27T16:51:14","guid":{"rendered":"https:\/\/noveautodiely.sk\/?page_id=790"},"modified":"2017-08-27T18:51:14","modified_gmt":"2017-08-27T16:51:14","slug":"lpg","status":"publish","type":"page","link":"https:\/\/noveautodiely.sk\/?page_id=790","title":{"rendered":"LPG"},"content":{"rendered":"<p><img loading=\"lazy\" class=\"size-full wp-image-823 alignleft\" src=\"https:\/\/noveautodiely.sk\/wp-content\/uploads\/2017\/08\/Blue-Power-SM014-DNA-1024x768-Red-Wtr-300x150.jpg\" alt=\"\" width=\"300\" height=\"150\" data-wp-pid=\"823\"><\/p>\n<ul>\n<li>N\u00e1hradn\u00e9 diely pre pohon LPG<\/li>\n<li>Prestavbov\u00e9 sady, hadice, trubky<\/li>\n<li>Filte a mont\u00e1zny materi\u00e1l<\/li>\n<\/ul>\n","protected":false},"excerpt":{"rendered":"<p>N\u00e1hradn\u00e9 diely pre pohon LPG Prestavbov\u00e9 sady, hadice, trubky Filte a mont\u00e1zny materi\u00e1l<\/p>\n","protected":false},"author":1,"featured_media":0,"parent":75,"menu_order":7,"comment_status":"closed","ping_status":"closed","template":"page-leftsb.php","meta":{"ngg_post_thumbnail":0},"_links":{"self":[{"href":"https:\/\/noveautodiely.sk\/index.php?rest_route=\/wp\/v2\/pages\/790"}],"collection":[{"href":"https:\/\/noveautodiely.sk\/index.php?rest_route=\/wp\/v2\/pages"}],"about":[{"href":"https:\/\/noveautodiely.sk\/index.php?rest_route=\/wp\/v2\/types\/page"}],"author":[{"embeddable":true,"href":"https:\/\/noveautodiely.sk\/index.php?rest_route=\/wp\/v2\/users\/1"}],"replies":[{"embeddable":true,"href":"https:\/\/noveautodiely.sk\/index.php?rest_route=%2Fwp%2Fv2%2Fcomments&post=790"}],"version-history":[{"count":2,"href":"https:\/\/noveautodiely.sk\/index.php?rest_route=\/wp\/v2\/pages\/790\/revisions"}],"predecessor-version":[{"id":824,"href":"https:\/\/noveautodiely.sk\/index.php?rest_route=\/wp\/v2\/pages\/790\/revisions\/824"}],"up":[{"embeddable":true,"href":"https:\/\/noveautodiely.sk\/index.php?rest_route=\/wp\/v2\/pages\/75"}],"wp:attachment":[{"href":"https:\/\/noveautodiely.sk\/index.php?rest_route=%2Fwp%2Fv2%2Fmedia&parent=790"}],"curies":[{"name":"wp","href":"https:\/\/api.w.org\/{rel}","templated":true}]}}