{"id":904,"date":"2017-08-30T10:01:38","date_gmt":"2017-08-30T08:01:38","guid":{"rendered":"https:\/\/noveautodiely.sk\/?page_id=904"},"modified":"2018-08-02T13:44:51","modified_gmt":"2018-08-02T11:44:51","slug":"autodoplnky","status":"publish","type":"page","link":"https:\/\/noveautodiely.sk\/?page_id=904","title":{"rendered":"AUTODOPLNKY"},"content":{"rendered":"<p>M\u00e1me v ponuke \u0161irok\u00fd sortiment presne pasuj\u00facich doplnkov do interi\u00e9ru aj exteri\u00e9ru. V bl\u00edzkej dobe sa v\u0161etky objavia aj v na\u0161om <a href=\"https:\/\/shop.noveautodiely.sk\/\">ESHOP<\/a>e no zatia\u013e V\u00e1m ochotne vypracujeme cenov\u00fa ponuku na po\u017eiadanie.<\/p>\n<p>AUTOROHO\u017dE | VANI\u010cKY DO KUFRA | AUTOKOBERCE | PO\u0164AHY | LAK\u0164OV\u00c9 OPIERKY | KRYTY PRAHOV | STRE\u0160N\u00c9 NOSI\u010cE | AUTOBOXY | DEFLEKTORY | OCHRANN\u00c9 LI\u0160TY | STIERA\u010cE | SNEHOV\u00c9 RE\u0164AZE<\/p>\n","protected":false},"excerpt":{"rendered":"<p>M\u00e1me v ponuke \u0161irok\u00fd sortiment presne pasuj\u00facich doplnkov do interi\u00e9ru aj exteri\u00e9ru. V bl\u00edzkej dobe sa v\u0161etky objavia aj v na\u0161om ESHOPe no zatia\u013e V\u00e1m ochotne vypracujeme cenov\u00fa ponuku na po\u017eiadanie. AUTOROHO\u017dE | VANI\u010cKY DO KUFRA | AUTOKOBERCE | PO\u0164AHY | LAK\u0164OV\u00c9 OPIERKY | KRYTY PRAHOV | STRE\u0160N\u00c9 NOSI\u010cE | AUTOBOXY | DEFLEKTORY | OCHRANN\u00c9 <a href=\"https:\/\/noveautodiely.sk\/?page_id=904\" rel=\"nofollow\"><span class=\"sr-only\">Pre\u010d\u00edta\u0165 viac o AUTODOPLNKY<\/span>[&hellip;]<\/a><\/p>\n","protected":false},"author":1,"featured_media":0,"parent":75,"menu_order":8,"comment_status":"closed","ping_status":"closed","template":"page-leftsb.php","meta":{"ngg_post_thumbnail":0},"_links":{"self":[{"href":"https:\/\/noveautodiely.sk\/index.php?rest_route=\/wp\/v2\/pages\/904"}],"collection":[{"href":"https:\/\/noveautodiely.sk\/index.php?rest_route=\/wp\/v2\/pages"}],"about":[{"href":"https:\/\/noveautodiely.sk\/index.php?rest_route=\/wp\/v2\/types\/page"}],"author":[{"embeddable":true,"href":"https:\/\/noveautodiely.sk\/index.php?rest_route=\/wp\/v2\/users\/1"}],"replies":[{"embeddable":true,"href":"https:\/\/noveautodiely.sk\/index.php?rest_route=%2Fwp%2Fv2%2Fcomments&post=904"}],"version-history":[{"count":3,"href":"https:\/\/noveautodiely.sk\/index.php?rest_route=\/wp\/v2\/pages\/904\/revisions"}],"predecessor-version":[{"id":2321,"href":"https:\/\/noveautodiely.sk\/index.php?rest_route=\/wp\/v2\/pages\/904\/revisions\/2321"}],"up":[{"embeddable":true,"href":"https:\/\/noveautodiely.sk\/index.php?rest_route=\/wp\/v2\/pages\/75"}],"wp:attachment":[{"href":"https:\/\/noveautodiely.sk\/index.php?rest_route=%2Fwp%2Fv2%2Fmedia&parent=904"}],"curies":[{"name":"wp","href":"https:\/\/api.w.org\/{rel}","templated":true}]}}