{"id":915,"date":"2017-08-31T21:06:43","date_gmt":"2017-08-31T19:06:43","guid":{"rendered":"https:\/\/noveautodiely.sk\/?page_id=915"},"modified":"2018-08-04T12:10:16","modified_gmt":"2018-08-04T10:10:16","slug":"oe-autodiely","status":"publish","type":"page","link":"https:\/\/noveautodiely.sk\/?page_id=915","title":{"rendered":"OE AUTODIELY"},"content":{"rendered":"<p>Zabezpe\u010dujeme \u0161irok\u00fd sortiment origin\u00e1lnych n\u00e1hradn\u00fdch dielov v\u00fdrobcov automobilov.&nbsp;<\/p>\n<p>Pom\u00f4\u017eeme V\u00e1m s ich identifik\u00e1ciou a vyh\u013eadan\u00edm pod\u013ea VIN \u010d\u00edsla vozidla.<\/p>\n<p><img loading=\"lazy\" class=\"alignnone size-full wp-image-916\" src=\"https:\/\/noveautodiely.sk\/wp-content\/uploads\/2017\/08\/oe.gif\" alt=\"\" width=\"389\" height=\"310\" data-wp-pid=\"916\"><\/p>\n","protected":false},"excerpt":{"rendered":"<p>Zabezpe\u010dujeme \u0161irok\u00fd sortiment origin\u00e1lnych n\u00e1hradn\u00fdch dielov v\u00fdrobcov automobilov.&nbsp; Pom\u00f4\u017eeme V\u00e1m s ich identifik\u00e1ciou a vyh\u013eadan\u00edm pod\u013ea VIN \u010d\u00edsla vozidla.<\/p>\n","protected":false},"author":1,"featured_media":0,"parent":75,"menu_order":1,"comment_status":"closed","ping_status":"closed","template":"","meta":{"ngg_post_thumbnail":0},"_links":{"self":[{"href":"https:\/\/noveautodiely.sk\/index.php?rest_route=\/wp\/v2\/pages\/915"}],"collection":[{"href":"https:\/\/noveautodiely.sk\/index.php?rest_route=\/wp\/v2\/pages"}],"about":[{"href":"https:\/\/noveautodiely.sk\/index.php?rest_route=\/wp\/v2\/types\/page"}],"author":[{"embeddable":true,"href":"https:\/\/noveautodiely.sk\/index.php?rest_route=\/wp\/v2\/users\/1"}],"replies":[{"embeddable":true,"href":"https:\/\/noveautodiely.sk\/index.php?rest_route=%2Fwp%2Fv2%2Fcomments&post=915"}],"version-history":[{"count":3,"href":"https:\/\/noveautodiely.sk\/index.php?rest_route=\/wp\/v2\/pages\/915\/revisions"}],"predecessor-version":[{"id":2349,"href":"https:\/\/noveautodiely.sk\/index.php?rest_route=\/wp\/v2\/pages\/915\/revisions\/2349"}],"up":[{"embeddable":true,"href":"https:\/\/noveautodiely.sk\/index.php?rest_route=\/wp\/v2\/pages\/75"}],"wp:attachment":[{"href":"https:\/\/noveautodiely.sk\/index.php?rest_route=%2Fwp%2Fv2%2Fmedia&parent=915"}],"curies":[{"name":"wp","href":"https:\/\/api.w.org\/{rel}","templated":true}]}}